{"id":824,"date":"2022-02-15T20:06:50","date_gmt":"2022-02-15T20:06:50","guid":{"rendered":"https:\/\/demo.divi-pixel.com\/construction\/?page_id=824"},"modified":"2025-07-09T16:49:53","modified_gmt":"2025-07-09T14:49:53","slug":"kontakt","status":"publish","type":"page","link":"https:\/\/3dtisk-vj.cz\/index.php\/kontakt\/","title":{"rendered":"Kontakt"},"content":{"rendered":"<p>[et_pb_section fb_built=&#8220;1&#8243; custom_padding_last_edited=&#8220;on|phone&#8220; _builder_version=&#8220;4.27.2&#8243; _module_preset=&#8220;default&#8220; background_image=&#8220;https:\/\/3dtisk-vj.cz\/wp-content\/uploads\/2024\/10\/VJ-3D-TISK.jpg&#8220; parallax=&#8220;on&#8220; parallax_method=&#8220;off&#8220; custom_padding=&#8220;140px||140px||true|&#8220; custom_padding_tablet=&#8220;140px||140px||true|&#8220; custom_padding_phone=&#8220;70px||70px||true|false&#8220; locked=&#8220;off&#8220; global_colors_info=&#8220;{}&#8220;][et_pb_row _builder_version=&#8220;4.16&#8243; _module_preset=&#8220;default&#8220; global_colors_info=&#8220;{}&#8220;][et_pb_column type=&#8220;4_4&#8243; _builder_version=&#8220;4.16&#8243; _module_preset=&#8220;default&#8220; global_colors_info=&#8220;{}&#8220;][et_pb_text _builder_version=&#8220;4.27.2&#8243; _module_preset=&#8220;default&#8220; text_font=&#8220;Poppins|||on|||||&#8220; text_text_color=&#8220;#D2FEE1&#8243; text_letter_spacing=&#8220;3px&#8220; header_text_color=&#8220;#D2FEE1&#8243; text_orientation=&#8220;center&#8220; custom_margin=&#8220;||0px||false|false&#8220; locked=&#8220;off&#8220; global_colors_info=&#8220;{}&#8220;]<\/p>\n<p>KONTAKT<\/p>\n<p>[\/et_pb_text][et_pb_text _builder_version=&#8220;4.27.2&#8243; _module_preset=&#8220;default&#8220; header_font=&#8220;Poppins|600|||||||&#8220; header_text_align=&#8220;center&#8220; header_text_color=&#8220;#FFFFFF&#8220; header_font_size=&#8220;60px&#8220; header_line_height=&#8220;1.4em&#8220; max_width=&#8220;1000px&#8220; max_width_tablet=&#8220;100%&#8220; max_width_phone=&#8220;100%&#8220; max_width_last_edited=&#8220;on|phone&#8220; module_alignment=&#8220;center&#8220; custom_margin=&#8220;||||false|false&#8220; header_font_size_tablet=&#8220;50px&#8220; header_font_size_phone=&#8220;40px&#8220; header_font_size_last_edited=&#8220;on|tablet&#8220; locked=&#8220;off&#8220; global_colors_info=&#8220;{}&#8220;]<\/p>\n<h1>Kontakt<\/h1>\n<p>[\/et_pb_text][dipi_breadcrumbs bc_separator_icon=&#8220;&#x35;||divi||400&#8243; bc_items_alignment=&#8220;dipi-bc-center&#8220; bc_separator_color=&#8220;#7D8AA1&#8243; _builder_version=&#8220;4.16&#8243; _module_preset=&#8220;default&#8220; items_text_color=&#8220;#7D8AA1&#8243; active_text_color=&#8220;#FFFFFF&#8220; global_colors_info=&#8220;{}&#8220;][\/dipi_breadcrumbs][\/et_pb_column][\/et_pb_row][\/et_pb_section][et_pb_section fb_built=&#8220;1&#8243; _builder_version=&#8220;4.16&#8243; _module_preset=&#8220;default&#8220; global_colors_info=&#8220;{}&#8220;][et_pb_row column_structure=&#8220;1_2,1_2&#8243; make_equal=&#8220;on&#8220; _builder_version=&#8220;4.16&#8243; _module_preset=&#8220;default&#8220; global_colors_info=&#8220;{}&#8220;][et_pb_column type=&#8220;1_2&#8243; _builder_version=&#8220;4.16&#8243; _module_preset=&#8220;default&#8220; custom_padding=&#8220;50px|50px|50px|50px|true|true&#8220; custom_padding_tablet=&#8220;50px|50px|50px|50px|true|true&#8220; custom_padding_phone=&#8220;30px|20px|30px|20px|true|true&#8220; custom_padding_last_edited=&#8220;on|phone&#8220; custom_css_main_element=&#8220;margin: auto;&#8220; box_shadow_style=&#8220;preset1&#8243; box_shadow_color=&#8220;rgba(100,130,208,0.17)&#8220; global_colors_info=&#8220;{}&#8220;][dipi_dual_heading first_heading=&#8220;NAPI\u0160TE N\u00c1M&#8220; use_background_text=&#8220;on&#8220; background_text=&#8220;NAPI\u0160TE N\u00c1M&#8220; fh_padding=&#8220;0px|10px|0px|10px|false|true&#8220; bt_position_vertical=&#8220;25%&#8220; bt_style=&#8220;stroke&#8220; bt_stroke_color=&#8220;#e9ecef&#8220; bt_stroke_fill=&#8220;RGBA(255,255,255,0)&#8220; background_text_color_gradient_direction=&#8220;90deg&#8220; background_text_color_gradient_stops=&#8220;#00235a 0%|#7d8aa1 100%&#8220; background_text_color_gradient_start=&#8220;#00235a&#8220; background_text_color_gradient_end=&#8220;#7d8aa1&#8243; bt_padding=&#8220;0px|0px|0px||false|false&#8220; bt_margin=&#8220;|0px|0px|10px|false|false&#8220; _builder_version=&#8220;4.27.2&#8243; _module_preset=&#8220;default&#8220; first_heading_text_color=&#8220;#014750&#8243; first_heading_font_size=&#8220;14px&#8220; first_heading_letter_spacing=&#8220;3px&#8220; background_text_font=&#8220;|||on|||||&#8220; background_text_text_align=&#8220;left&#8220; background_text_font_size=&#8220;80px&#8220; text_orientation=&#8220;left&#8220; custom_margin=&#8220;||||false|false&#8220; background_text_font_size_tablet=&#8220;80px&#8220; background_text_font_size_phone=&#8220;50px&#8220; background_text_font_size_last_edited=&#8220;on|phone&#8220; custom_css_main_element=&#8220;margin-bottom: 25px !important;&#8220; border_color_left=&#8220;#FE5E15&#8243; border_width_left_bt_border=&#8220;5px&#8220; locked=&#8220;off&#8220; global_colors_info=&#8220;{}&#8220; background_text_text_color__hover_enabled=&#8220;off|desktop&#8220; custom_css_main_element_last_edited=&#8220;on|tablet&#8220; custom_css_main_element_tablet=&#8220;.&#8220; custom_css_main_element_phone=&#8220;.&#8220; overlay_bg_color_gradient_type_tablet=&#8220;linear&#8220; overlay_bg_color_gradient_type_phone=&#8220;linear&#8220; overlay_bg_color_gradient_type__hover=&#8220;linear&#8220; image_bg_color_gradient_type__hover=&#8220;linear&#8220;][\/dipi_dual_heading][et_pb_divider color=&#8220;#E7EAF0&#8243; _builder_version=&#8220;4.16&#8243; _module_preset=&#8220;default&#8220; global_colors_info=&#8220;{}&#8220;][\/et_pb_divider][et_pb_text _builder_version=&#8220;4.27.2&#8243; _module_preset=&#8220;default&#8220; header_2_font=&#8220;|700|||||||&#8220; header_2_font_size=&#8220;35px&#8220; header_2_line_height=&#8220;1.5em&#8220; custom_margin=&#8220;||10px||false|false&#8220; header_2_font_size_tablet=&#8220;35px&#8220; header_2_font_size_phone=&#8220;30px&#8220; header_2_font_size_last_edited=&#8220;on|phone&#8220; locked=&#8220;off&#8220; global_colors_info=&#8220;{}&#8220;]<\/p>\n<h2>Nev\u00e1hejte n\u00e1s kontaktovat<\/h2>\n<p>[\/et_pb_text][et_pb_text _builder_version=&#8220;4.27.2&#8243; _module_preset=&#8220;default&#8220; header_4_font=&#8220;|600|||||||&#8220; custom_margin=&#8220;||40px||false|false&#8220; global_colors_info=&#8220;{}&#8220;]<\/p>\n<h4>Jednatel firmy<\/h4>\n<p>[\/et_pb_text][et_pb_blurb title=&#8220;Jednatel&#8220; use_icon=&#8220;on&#8220; font_icon=&#8220;&#xf3c5;||fa||900&#8243; icon_color=&#8220;#7D8AA1&#8243; icon_placement=&#8220;left&#8220; image_icon_width=&#8220;25px&#8220; content_max_width=&#8220;1100px&#8220; _builder_version=&#8220;4.27.2&#8243; _module_preset=&#8220;default&#8220; header_font=&#8220;|600|||||||&#8220; header_font_size=&#8220;15px&#8220; body_text_color=&#8220;#7D8AA1&#8243; body_line_height=&#8220;1em&#8220; custom_margin=&#8220;||50px||false|false&#8220; body_line_height_tablet=&#8220;1em&#8220; body_line_height_phone=&#8220;1.7em&#8220; body_line_height_last_edited=&#8220;on|phone&#8220; global_colors_info=&#8220;{}&#8220;]<\/p>\n<p><span style=\"font-weight: 400;\">Vojt\u011bch Jur\u010da<\/span><\/p>\n<p>[\/et_pb_blurb][et_pb_blurb title=&#8220;Telefon&#8220; use_icon=&#8220;on&#8220; font_icon=&#8220;&#xf879;||fa||900&#8243; icon_color=&#8220;#7D8AA1&#8243; icon_placement=&#8220;left&#8220; image_icon_width=&#8220;25px&#8220; content_max_width=&#8220;1100px&#8220; _builder_version=&#8220;4.27.2&#8243; _module_preset=&#8220;default&#8220; header_font=&#8220;|600|||||||&#8220; header_font_size=&#8220;15px&#8220; body_text_color=&#8220;#7D8AA1&#8243; body_line_height=&#8220;1em&#8220; body_link_text_color=&#8220;#7D8AA1&#8243; custom_margin=&#8220;||50px||false|false&#8220; body_line_height_tablet=&#8220;1em&#8220; body_line_height_phone=&#8220;1.5em&#8220; body_line_height_last_edited=&#8220;on|phone&#8220; global_colors_info=&#8220;{}&#8220; body_link_text_color__hover_enabled=&#8220;on|hover&#8220; body_link_text_color__hover=&#8220;#FE5E15&#8243;]<\/p>\n<p><span style=\"font-weight: 400;\">+ 420 723 257 333<\/span><\/p>\n<p>[\/et_pb_blurb][et_pb_blurb title=&#8220;Email&#8220; use_icon=&#8220;on&#8220; font_icon=&#8220;&#xf1d8;||fa||900&#8243; icon_color=&#8220;#7D8AA1&#8243; icon_placement=&#8220;left&#8220; image_icon_width=&#8220;25px&#8220; content_max_width=&#8220;1100px&#8220; _builder_version=&#8220;4.27.2&#8243; _module_preset=&#8220;default&#8220; header_font=&#8220;|600|||||||&#8220; header_font_size=&#8220;15px&#8220; body_text_color=&#8220;#7D8AA1&#8243; body_line_height=&#8220;1em&#8220; body_link_text_color=&#8220;#7D8AA1&#8243; body_line_height_tablet=&#8220;1em&#8220; body_line_height_phone=&#8220;1.6em&#8220; body_line_height_last_edited=&#8220;on|phone&#8220; global_colors_info=&#8220;{}&#8220; body_link_text_color__hover_enabled=&#8220;on|hover&#8220; body_link_text_color__hover=&#8220;#FE5E15&#8243;]<\/p>\n<p><a href=\"mailto:vj.3dtisk@gmail.com\"><span style=\"font-weight: 400;\">vj.3dtisk@gmail.com<\/span><\/a><\/p>\n<p>[\/et_pb_blurb][\/et_pb_column][et_pb_column type=&#8220;1_2&#8243; _builder_version=&#8220;4.16&#8243; _module_preset=&#8220;default&#8220; custom_padding=&#8220;50px|50px|50px|50px|true|true&#8220; custom_padding_tablet=&#8220;50px|50px|50px|50px|true|true&#8220; custom_padding_phone=&#8220;30px|20px|30px|20px|true|true&#8220; custom_padding_last_edited=&#8220;on|phone&#8220; custom_css_main_element=&#8220;margin: auto;&#8220; box_shadow_style=&#8220;preset1&#8243; box_shadow_color=&#8220;rgba(100,130,208,0.17)&#8220; global_colors_info=&#8220;{}&#8220;][wpforms_selector form_id=&#8220;17228499&#8243; _builder_version=&#8220;4.27.2&#8243; _module_preset=&#8220;default&#8220; global_colors_info=&#8220;{}&#8220;][\/wpforms_selector][\/et_pb_column][\/et_pb_row][\/et_pb_section]<\/p>\n","protected":false},"excerpt":{"rendered":"<p>KONTAKTKontakt<div class=\"et_pb_module dipi_breadcrumbs dipi_breadcrumbs_0\">\n\t\t\t\t\n\t\t\t\t\n\t\t\t\t\n\t\t\t\t\n\t\t\t\t\n\t\t\t\t\n\t\t\t\t<div class=\"et_pb_module_inner\">\n\t\t\t\t\t<div class=\"dipi-breadcrumbs dipi-bc-center\">\n                <ul >\n                    \n                                                        <li  class=\"dipi-breadcrumb-item dipi-breadcrumb-home\">\n\n                                                    <a  href=\"https:\/\/3dtisk-vj.cz\">\n                                <span  content=\"Home\">\n                                                                        3dtisk-vj.cz                                <\/span>\n                            <\/a>\n\n                                                <meta itemprop=\"position\" content=\"1\"\/>                    <\/li>\n\n                    <li class=\"dipi-breadcrumb-separator\">\n                    <span class=\"et-pb-icon dipi-separator-icon\">&#x35;<\/span>\n                <\/li>                            \n                <\/ul>\n            <\/div>\n\t\t\t\t<\/div>\n\t\t\t<\/div><div class=\"et_pb_with_border et_pb_module dipi_dual_heading dipi_dual_heading_0\">\n\t\t\t\t\n\t\t\t\t\n\t\t\t\t\n\t\t\t\t\n\t\t\t\t\n\t\t\t\t\n\t\t\t\t<div class=\"et_pb_module_inner\">\n\t\t\t\t\t\n                <div class=\"dipi-dual-heading \">\n                    <h2 class=\"dipi-dh-main\">\n                        <span class=\"dipi-dh-first-heading\">\n                            <span class=\"dipi-dh-animation-container\">\n                                <span class=\"dipi-dh-bg-container\">\n                                    NAPI\u0160TE N\u00c1M\n                                <\/span>\n                            <\/span>\n                        <\/span>\n                        <span class=\"dipi-dh-second-heading\">\n                            <span class=\"dipi-dh-animation-container\">\n                                <span class=\"dipi-dh-bg-container\">\n                                    \n                                <\/span>\n                            <\/span>\n                        <\/span>\n                    <\/h2>\n                <\/div>\n\t\t\t\t<\/div>\n\t\t\t<\/div>Nev\u00e1hejte [&hellip;]<\/p>\n","protected":false},"author":1,"featured_media":0,"parent":0,"menu_order":0,"comment_status":"closed","ping_status":"closed","template":"","meta":{"_et_pb_use_builder":"on","_et_pb_old_content":"","_et_gb_content_width":"","footnotes":""},"dipi_cpt_category":[],"class_list":["post-824","page","type-page","status-publish","hentry"],"_links":{"self":[{"href":"https:\/\/3dtisk-vj.cz\/index.php\/wp-json\/wp\/v2\/pages\/824","targetHints":{"allow":["GET"]}}],"collection":[{"href":"https:\/\/3dtisk-vj.cz\/index.php\/wp-json\/wp\/v2\/pages"}],"about":[{"href":"https:\/\/3dtisk-vj.cz\/index.php\/wp-json\/wp\/v2\/types\/page"}],"author":[{"embeddable":true,"href":"https:\/\/3dtisk-vj.cz\/index.php\/wp-json\/wp\/v2\/users\/1"}],"replies":[{"embeddable":true,"href":"https:\/\/3dtisk-vj.cz\/index.php\/wp-json\/wp\/v2\/comments?post=824"}],"version-history":[{"count":27,"href":"https:\/\/3dtisk-vj.cz\/index.php\/wp-json\/wp\/v2\/pages\/824\/revisions"}],"predecessor-version":[{"id":17228515,"href":"https:\/\/3dtisk-vj.cz\/index.php\/wp-json\/wp\/v2\/pages\/824\/revisions\/17228515"}],"wp:attachment":[{"href":"https:\/\/3dtisk-vj.cz\/index.php\/wp-json\/wp\/v2\/media?parent=824"}],"wp:term":[{"taxonomy":"dipi_cpt_category","embeddable":true,"href":"https:\/\/3dtisk-vj.cz\/index.php\/wp-json\/wp\/v2\/dipi_cpt_category?post=824"}],"curies":[{"name":"wp","href":"https:\/\/api.w.org\/{rel}","templated":true}]}}